{"id":6769,"date":"2017-06-09T11:15:49","date_gmt":"2017-06-09T11:15:49","guid":{"rendered":"http:\/\/www.corona-amaral.com\/bim\/"},"modified":"2025-11-18T12:28:32","modified_gmt":"2025-11-18T12:28:32","slug":"bim","status":"publish","type":"page","link":"https:\/\/www.corona-amaral.com\/en\/bim\/","title":{"rendered":"BIM"},"content":{"rendered":"<div class=\"one withsmallpadding ppb_text\" style=\"padding:30px 0 30px 0\">\n<div class=\"standard_wrapper\">\n<div class=\"page_content_wrapper\">\n<div class=\"inner\">\n<div style=\"margin:auto;width:100%\">\n<div role=\"form\" class=\"wpcf7\" id=\"wpcf7-f6441-o2\" lang=\"es-ES\" dir=\"ltr\">\n<div class=\"screen-reader-response\"><\/div>\n<div>\n<\/div>\n<p><div class=\"one_half \">\n<label> Nombre y apellido*<br \/>\n <span class=\"wpcf7-form-control-wrap your-name\"><\/span> <\/label><\/p>\n<p><label> Correo electr\u00f3nico*<br \/>\n    <span class=\"wpcf7-form-control-wrap your-email\"><\/span> <\/label><\/p>\n<p><label> Pa\u00eds* <span class=\"wpcf7-form-control-wrap menu-pais\">&#8212;Afganist\u00e1nAlbaniaAlemaniaAndorraAngolaAntigua y BarbudaArabia SauditaArgeliaArgentinaArmeniaAustraliaAustriaAzerbaiy\u00e1nBahamasBanglad\u00e9sBarbadosBar\u00e9inB\u00e9lgicaBeliceBen\u00ednBielorrusiaBirmaniaBoliviaBosnia-HerzegovinaBotsuanaBrasilBrun\u00e9iBulgariaBurkina FasoBurundiBut\u00e1nCabo VerdeCamboyaCamer\u00fanCanad\u00e1CatarChadChileChinaChipreColombiaComorasCongoCorea del NorteCorea del SurCosta de MarfilCosta RicaCroaciaCubaDinamarcaDominicaEcuadorEgiptoEl SalvadorEmiratos \u00c1rabes UnidosEritreaEslovaquiaEsloveniaEspa\u00f1aEstados UnidosEstoniaEtiop\u00edaFilipinasFinlandiaFiyiFranciaGab\u00f3nGambiaGeorgiaGhanaGranadaGreciaGuatemalaGuineaGuinea EcuatorialGuinea-Bis\u00e1uGuyanaHait\u00edHondurasHungr\u00edaIndiaIndonesiaIrakIr\u00e1nIrlandaIslandiaIslas MarshallIslas Salom\u00f3nIsraelItaliaJamaicaJap\u00f3nJordaniaKazajist\u00e1nKeniaKirguist\u00e1nKiribatiKosovoKuwaitLaosLesotoLetoniaL\u00edbanoLiberiaLibiaLiechtensteinLituaniaLuxemburgoMacedoniaMadagascarMalasiaMalauiMaldivasMal\u00edMaltaMarruecosMauricioMauritaniaM\u00e9xicoMicronesiaMoldaviaM\u00f3nacoMongoliaMontenegroMozambiqueNamibiaNauruNepalNicaraguaN\u00edgerNigeriaNoruegaNueva ZelandaOm\u00e1nPa\u00edses BajosPakist\u00e1nPalaosPalestinaPanam\u00e1Pap\u00faa Nueva GuineaParaguayPer\u00faPoloniaPortugalReino UnidoRep\u00fablica CentroafricanaRep\u00fablica ChecaRep\u00fablica Democr\u00e1tica del CongoRep\u00fablica DominicanaRuandaRuman\u00edaRusiaSamoaSan Crist\u00f3bal y NievesSan MarinoSan Vicente y las GranadinasSanta Luc\u00edaSanto Tom\u00e9 y Pr\u00edncipeSenegalSerbiaSeychellesSierra LeonaSingapurSiriaSomaliaSri LankaSuazilandiaSud\u00e1fricaSud\u00e1nSud\u00e1n del SurSueciaSuizaSurinamTailandiaTaiw\u00e1nTanzaniaTayikist\u00e1nTimor OrientalTogoTongaTrinidad y TobagoT\u00fanezTurkmenist\u00e1nTurqu\u00edaTuvaluUcraniaUgandaUruguayUzbekist\u00e1nVanuatuVaticanoVenezuelaVietnamYemenYibutiZambiaZimbabue<\/span><br \/>\n    <span class=\"wpcf7-form-control-wrap your-email\"><\/span> <\/label><\/p>\n<p><label> Provincia*<br \/>\n<span class=\"wpcf7-form-control-wrap menu-provincia\">&#8212;A coruna\u00c1lavaAlbaceteAlicanteAlmer\u00edaAsturias\u00c1vilaBadajozBalearesBarcelonaBurgosC\u00e1ceresC\u00e1dizCantabriaCastell\u00f3nCeutaCiudad RealC\u00f3rdobaCuencaGironaGranadaGuadalajaraGuip\u00fazcoaHuelvaHuescaJa\u00e9nLa RiojaLas PalmasLe\u00f3nLleidaLugoMadridM\u00e1lagaMelillaMurciaNavarraOurensePalenciaPontevedraSalamancaSanta Cruz de TenerifeSegoviaSevillaSoriaTarragonaTeruelToledoValenciaValladolidVizcayaZamoraZaragozaOtro pa\u00eds<\/span> <\/label><\/p>\n<\/div>\n<p><\/p>\n<div class=\"one_half last \">\n<p><label>Edad* <span class=\"wpcf7-form-control-wrap menu-edad\">&#8212;&lt; 19 a\u00f1os20 &#8211; 29 a\u00f1os30 &#8211; 39 a\u00f1os40 &#8211; 49 a\u00f1os50 &#8211; 59 a\u00f1os&gt; 60 a\u00f1os<\/span> <\/label><\/p>\n<p><label>Estudios* <span class=\"wpcf7-form-control-wrap menu-estudios\">&#8212;ArquitecturaArquitectura T\u00e9cnica o Ing. Edificaci\u00f3nDelineaci\u00f3nDise\u00f1o de InterioresIngenier\u00eda Civil o de CaminosIngenier\u00eda IndustrialOtra Ingenier\u00edaOtros<\/span> <\/label><\/p>\n<p><label>Profesi\u00f3n* <span class=\"wpcf7-form-control-wrap menu-profesion\">&#8212;EstudianteArquitectoArquitecto T\u00e9cnicoConstructor &#8211; IndustrialPromotorOtros<\/span> <\/label><\/p>\n<p><label>Conocimientos del sistema BIM* <span class=\"wpcf7-form-control-wrap menu-bim\">&#8212;No lo conoceLo conoceUsuario b\u00e1sicoUsuario avanzadoUsuario experto<\/span><\/label><\/p>\n<\/div>\n<p><br class=\"clear\" \/><\/p>\n<p><span class=\"wpcf7-form-control-wrap acceptance-privacidad\"><\/span> He le\u00eddo y acepto la <a href=\"http:\/\/www.corona-amaral.com\/politica-de-privacidad\/\" target=\"_blank\">pol\u00edtica de privacidad<\/a><\/p>\n<\/p>\n<p>* Obligatorio<\/p>\n<div class=\"wpcf7-response-output wpcf7-display-none\"><\/div>\n<\/div>\n<\/div>\n<\/div>\n<\/div>\n<\/div>\n<\/div>\n","protected":false},"excerpt":{"rendered":"<p>Nombre y apellido* Correo electr\u00f3nico* Pa\u00eds* &#8212;Afganist\u00e1nAlbaniaAlemaniaAndorraAngolaAntigua y BarbudaArabia SauditaArgeliaArgentinaArmeniaAustraliaAustriaAzerbaiy\u00e1nBahamasBanglad\u00e9sBarbadosBar\u00e9inB\u00e9lgicaBeliceBen\u00ednBielorrusiaBirmaniaBoliviaBosnia-HerzegovinaBotsuanaBrasilBrun\u00e9iBulgariaBurkina FasoBurundiBut\u00e1nCabo VerdeCamboyaCamer\u00fanCanad\u00e1CatarChadChileChinaChipreColombiaComorasCongoCorea del NorteCorea del SurCosta de MarfilCosta RicaCroaciaCubaDinamarcaDominicaEcuadorEgiptoEl SalvadorEmiratos \u00c1rabes UnidosEritreaEslovaquiaEsloveniaEspa\u00f1aEstados UnidosEstoniaEtiop\u00edaFilipinasFinlandiaFiyiFranciaGab\u00f3nGambiaGeorgiaGhanaGranadaGreciaGuatemalaGuineaGuinea EcuatorialGuinea-Bis\u00e1uGuyanaHait\u00edHondurasHungr\u00edaIndiaIndonesiaIrakIr\u00e1nIrlandaIslandiaIslas MarshallIslas Salom\u00f3nIsraelItaliaJamaicaJap\u00f3nJordaniaKazajist\u00e1nKeniaKirguist\u00e1nKiribatiKosovoKuwaitLaosLesotoLetoniaL\u00edbanoLiberiaLibiaLiechtensteinLituaniaLuxemburgoMacedoniaMadagascarMalasiaMalauiMaldivasMal\u00edMaltaMarruecosMauricioMauritaniaM\u00e9xicoMicronesiaMoldaviaM\u00f3nacoMongoliaMontenegroMozambiqueNamibiaNauruNepalNicaraguaN\u00edgerNigeriaNoruegaNueva ZelandaOm\u00e1nPa\u00edses BajosPakist\u00e1nPalaosPalestinaPanam\u00e1Pap\u00faa Nueva GuineaParaguayPer\u00faPoloniaPortugalReino UnidoRep\u00fablica CentroafricanaRep\u00fablica ChecaRep\u00fablica Democr\u00e1tica del CongoRep\u00fablica DominicanaRuandaRuman\u00edaRusiaSamoaSan Crist\u00f3bal y NievesSan [&hellip;]<\/p>\n","protected":false},"author":1,"featured_media":0,"parent":0,"menu_order":0,"comment_status":"closed","ping_status":"closed","template":"","meta":{"footnotes":""},"class_list":["post-6769","page","type-page","status-publish","hentry"],"jetpack_sharing_enabled":true,"_links":{"self":[{"href":"https:\/\/www.corona-amaral.com\/en\/wp-json\/wp\/v2\/pages\/6769","targetHints":{"allow":["GET"]}}],"collection":[{"href":"https:\/\/www.corona-amaral.com\/en\/wp-json\/wp\/v2\/pages"}],"about":[{"href":"https:\/\/www.corona-amaral.com\/en\/wp-json\/wp\/v2\/types\/page"}],"author":[{"embeddable":true,"href":"https:\/\/www.corona-amaral.com\/en\/wp-json\/wp\/v2\/users\/1"}],"replies":[{"embeddable":true,"href":"https:\/\/www.corona-amaral.com\/en\/wp-json\/wp\/v2\/comments?post=6769"}],"version-history":[{"count":4,"href":"https:\/\/www.corona-amaral.com\/en\/wp-json\/wp\/v2\/pages\/6769\/revisions"}],"predecessor-version":[{"id":8963,"href":"https:\/\/www.corona-amaral.com\/en\/wp-json\/wp\/v2\/pages\/6769\/revisions\/8963"}],"wp:attachment":[{"href":"https:\/\/www.corona-amaral.com\/en\/wp-json\/wp\/v2\/media?parent=6769"}],"curies":[{"name":"wp","href":"https:\/\/api.w.org\/{rel}","templated":true}]}}