{"id":6959,"date":"2017-06-06T12:56:30","date_gmt":"2017-06-06T12:56:30","guid":{"rendered":"http:\/\/www.corona-amaral.com\/curriculum\/"},"modified":"2026-02-03T20:49:33","modified_gmt":"2026-02-03T20:49:33","slug":"curriculum","status":"publish","type":"page","link":"https:\/\/www.corona-amaral.com\/en\/curriculum\/","title":{"rendered":"Curriculum"},"content":{"rendered":"<div class=\"one withsmallpadding ppb_header_inline\" style=\"padding:30px 0 30px 0\">\n<div class=\"standard_wrapper\">\n<div class=\"page_content_wrapper\">\n<div class=\"inner\">\n<div class=\"header_inline_wrapper\">\n<div class=\"header_inline_title\">\n<h2 class=\"ppb_title\">Env\u00edanos tu curriculum<\/h2>\n<\/div>\n<\/div>\n<\/div>\n<\/div>\n<\/div>\n<\/div>\n<div class=\"one withsmallpadding ppb_text\" style=\"padding:30px 0 30px 0\">\n<div class=\"standard_wrapper\">\n<div class=\"page_content_wrapper\">\n<div class=\"inner\">\n<div style=\"margin:auto;width:100%\">\n<div role=\"form\" class=\"wpcf7\" id=\"wpcf7-f6365-o1\" lang=\"es-ES\" dir=\"ltr\">\n<div class=\"screen-reader-response\"><\/div>\n<div>\n<\/div>\n<p><div class=\"one_half \">\n<label> Nombre y apellido*<br \/>\n <span class=\"wpcf7-form-control-wrap your-name\"><\/span> <\/label><\/p>\n<p><label> Correo electr\u00f3nico*<br \/>\n    <span class=\"wpcf7-form-control-wrap your-email\"><\/span> <\/label><\/p>\n<p><label> Tel\u00e9fono*   <span class=\"wpcf7-form-control-wrap your-tlf\"><\/span> <\/label><\/p>\n<p><label> Lugar de residencia*<br \/>\n <span class=\"wpcf7-form-control-wrap residencia\"><\/span> <\/label><\/p>\n<p><label>Edad* <span class=\"wpcf7-form-control-wrap number-edad\"><\/span> <\/label><\/p>\n<p><label>Disponibilidad* <span class=\"wpcf7-form-control-wrap disponibilidad\">&#8212;Inmediata15 d\u00edas&gt; 15 d\u00edas<\/span> <\/label><\/p>\n<p><label>\u00bfC\u00f3mo has llegado hasta esta p\u00e1gina?* <span class=\"wpcf7-form-control-wrap menu-contacto\">&#8212;Por un amigoPor la webPor un mailPor FacebookPor LinkedInOtro<\/span><\/label><\/p>\n<\/div>\n<p><\/p>\n<div class=\"one_half last \">\n<p><span class=\"wpcf7-form-control-wrap checkbox-408\"><span class=\"wpcf7-form-control wpcf7-checkbox wpcf7-validates-as-required wpcf7-exclusive-checkbox\"><span class=\"wpcf7-list-item first\"><span class=\"wpcf7-list-item-label\">Estudiante<\/span><\/span><span class=\"wpcf7-list-item last\"><span class=\"wpcf7-list-item-label\">Arquitecto titulado<\/span><\/span><\/span><\/span><br \/>\n<span class=\"wpcf7-form-control-wrap text-curso\"><\/span> <\/p>\n<p><label> Escuela de arquitectura* <span class=\"wpcf7-form-control-wrap menu-escuela\">&#8212;ETSA MadridETSA BarcelonaETSA Las Palmas de Gran CanariaETSA NavarraETSA SevillaETSA ValenciaETSA ValladolidOtra<\/span> <\/label><\/p>\n<p><label> Experiencia en estudios de arquitectura* <span class=\"wpcf7-form-control-wrap menu-experiencia\">&#8212;No0 &#8211; 2 a\u00f1os2 &#8211; 4 a\u00f1os&gt; 5 a\u00f1os<\/span><br \/>\n<\/label><\/p>\n<p>Revit <span class=\"wpcf7-form-control-wrap checkbox-bae1\"><span class=\"wpcf7-form-control wpcf7-checkbox wpcf7-exclusive-checkbox\"><span class=\"wpcf7-list-item first\"><span class=\"wpcf7-list-item-label\">B\u00e1sico<\/span><\/span><span class=\"wpcf7-list-item\"><span class=\"wpcf7-list-item-label\">Avanzado<\/span><\/span><span class=\"wpcf7-list-item last\"><span class=\"wpcf7-list-item-label\">Experto<\/span><\/span><\/span><\/span> <\/p>\n<p>Autocad <span class=\"wpcf7-form-control-wrap checkbox-bae2\"><span class=\"wpcf7-form-control wpcf7-checkbox wpcf7-exclusive-checkbox\"><span class=\"wpcf7-list-item first\"><span class=\"wpcf7-list-item-label\">B\u00e1sico<\/span><\/span><span class=\"wpcf7-list-item\"><span class=\"wpcf7-list-item-label\">Avanzado<\/span><\/span><span class=\"wpcf7-list-item last\"><span class=\"wpcf7-list-item-label\">Experto<\/span><\/span><\/span><\/span> <\/p>\n<p>Adobe Suite <span class=\"wpcf7-form-control-wrap checkbox-bae3\"><span class=\"wpcf7-form-control wpcf7-checkbox wpcf7-exclusive-checkbox\"><span class=\"wpcf7-list-item first\"><span class=\"wpcf7-list-item-label\">B\u00e1sico<\/span><\/span><span class=\"wpcf7-list-item\"><span class=\"wpcf7-list-item-label\">Avanzado<\/span><\/span><span class=\"wpcf7-list-item last\"><span class=\"wpcf7-list-item-label\">Experto<\/span><\/span><\/span><\/span> <\/p>\n<p>3D V Ray <span class=\"wpcf7-form-control-wrap checkbox-bae4\"><span class=\"wpcf7-form-control wpcf7-checkbox wpcf7-exclusive-checkbox\"><span class=\"wpcf7-list-item first\"><span class=\"wpcf7-list-item-label\">B\u00e1sico<\/span><\/span><span class=\"wpcf7-list-item\"><span class=\"wpcf7-list-item-label\">Avanzado<\/span><\/span><span class=\"wpcf7-list-item last\"><span class=\"wpcf7-list-item-label\">Experto<\/span><\/span><\/span><\/span> <\/p>\n<p> Ingl\u00e9s <span class=\"wpcf7-form-control-wrap checkbox-bae5\"><span class=\"wpcf7-form-control wpcf7-checkbox wpcf7-exclusive-checkbox\"><span class=\"wpcf7-list-item first\"><span class=\"wpcf7-list-item-label\">B\u00e1sico<\/span><\/span><span class=\"wpcf7-list-item\"><span class=\"wpcf7-list-item-label\">Avanzado<\/span><\/span><span class=\"wpcf7-list-item last\"><span class=\"wpcf7-list-item-label\">Experto<\/span><\/span><\/span><\/span> <\/p>\n<p>Alem\u00e1n <span class=\"wpcf7-form-control-wrap checkbox-bae6\"><span class=\"wpcf7-form-control wpcf7-checkbox wpcf7-exclusive-checkbox\"><span class=\"wpcf7-list-item first\"><span class=\"wpcf7-list-item-label\">B\u00e1sico<\/span><\/span><span class=\"wpcf7-list-item\"><span class=\"wpcf7-list-item-label\">Avanzado<\/span><\/span><span class=\"wpcf7-list-item last\"><span class=\"wpcf7-list-item-label\">Experto<\/span><\/span><\/span><\/span> <\/p>\n<\/div>\n<p><br class=\"clear\" \/><\/p>\n<p><label> Carta de presentaci\u00f3n   <span class=\"wpcf7-form-control-wrap your-message\"><textarea name=\"your-message\" cols=\"40\" rows=\"10\" class=\"wpcf7-form-control wpcf7-textarea\"><\/textarea><\/span> <\/label><\/p>\n<p><label> Adjuntar CV* (m\u00e1x. 5mb) <span class=\"wpcf7-form-control-wrap file-cv\"><\/span> <\/label><br \/>\n<label>Portfolio (m\u00e1x. 5mb) <span class=\"wpcf7-form-control-wrap file-portfolio\"><\/span><\/label><\/p>\n<p><span class=\"wpcf7-form-control-wrap acceptance-privacidad\"><\/span> He le\u00eddo y acepto la <a href=\"http:\/\/www.corona-amaral.com\/politica-de-privacidad\/\" target=\"_blank\">pol\u00edtica de privacidad<\/a><\/p>\n<\/p>\n<p>* Obligatorio<\/p>\n<div class=\"wpcf7-response-output wpcf7-display-none\"><\/div>\n<\/div>\n<\/div>\n<\/div>\n<\/div>\n<\/div>\n<\/div>\n","protected":false},"excerpt":{"rendered":"<p>Env\u00edanos tu curriculum Nombre y apellido* Correo electr\u00f3nico* Tel\u00e9fono* Lugar de residencia* Edad* Disponibilidad* &#8212;Inmediata15 d\u00edas&gt; 15 d\u00edas \u00bfC\u00f3mo has llegado hasta esta p\u00e1gina?* &#8212;Por un amigoPor la webPor un mailPor FacebookPor LinkedInOtro EstudianteArquitecto titulado Escuela de arquitectura* &#8212;ETSA MadridETSA [&hellip;]<\/p>\n","protected":false},"author":1,"featured_media":0,"parent":0,"menu_order":0,"comment_status":"closed","ping_status":"closed","template":"","meta":{"footnotes":""},"class_list":["post-6959","page","type-page","status-publish","hentry"],"jetpack_sharing_enabled":true,"_links":{"self":[{"href":"https:\/\/www.corona-amaral.com\/en\/wp-json\/wp\/v2\/pages\/6959","targetHints":{"allow":["GET"]}}],"collection":[{"href":"https:\/\/www.corona-amaral.com\/en\/wp-json\/wp\/v2\/pages"}],"about":[{"href":"https:\/\/www.corona-amaral.com\/en\/wp-json\/wp\/v2\/types\/page"}],"author":[{"embeddable":true,"href":"https:\/\/www.corona-amaral.com\/en\/wp-json\/wp\/v2\/users\/1"}],"replies":[{"embeddable":true,"href":"https:\/\/www.corona-amaral.com\/en\/wp-json\/wp\/v2\/comments?post=6959"}],"version-history":[{"count":11,"href":"https:\/\/www.corona-amaral.com\/en\/wp-json\/wp\/v2\/pages\/6959\/revisions"}],"predecessor-version":[{"id":8760,"href":"https:\/\/www.corona-amaral.com\/en\/wp-json\/wp\/v2\/pages\/6959\/revisions\/8760"}],"wp:attachment":[{"href":"https:\/\/www.corona-amaral.com\/en\/wp-json\/wp\/v2\/media?parent=6959"}],"curies":[{"name":"wp","href":"https:\/\/api.w.org\/{rel}","templated":true}]}}